{"id":4168,"date":"2020-05-04T15:52:36","date_gmt":"2020-05-04T13:52:36","guid":{"rendered":"https:\/\/www.alpimmorama.com\/?page_id=4168"},"modified":"2025-03-25T16:09:38","modified_gmt":"2025-03-25T15:09:38","slug":"mentions-legales-agence-alpimmorama","status":"publish","type":"page","link":"https:\/\/www.alpimmorama.com\/en\/mentions-legales-agence-alpimmorama\/","title":{"rendered":"Legal - Legal information"},"content":{"rendered":"<div data-elementor-type=\"wp-page\" data-elementor-id=\"4168\" class=\"elementor elementor-4168\" data-elementor-post-type=\"page\">\n\t\t\t\t\t\t<section class=\"elementor-section elementor-top-section elementor-element elementor-element-7b00074f elementor-section-stretched elementor-section-boxed elementor-section-height-default elementor-section-height-default\" data-id=\"7b00074f\" data-element_type=\"section\" data-e-type=\"section\" data-settings=\"{&quot;background_background&quot;:&quot;classic&quot;,&quot;shape_divider_bottom&quot;:&quot;triangle&quot;,&quot;shape_divider_bottom_negative&quot;:&quot;yes&quot;,&quot;stretch_section&quot;:&quot;section-stretched&quot;}\">\n\t\t\t\t\t\t\t<div class=\"elementor-background-overlay\"><\/div>\n\t\t\t\t\t\t<div class=\"elementor-shape elementor-shape-bottom\" aria-hidden=\"true\" data-negative=\"true\">\n\t\t\t<svg xmlns=\"http:\/\/www.w3.org\/2000\/svg\" viewbox=\"0 0 1000 100\" preserveaspectratio=\"none\">\n\t<path class=\"elementor-shape-fill\" d=\"M500.2,94.7L0,0v100h1000V0L500.2,94.7z\"\/>\n<\/svg>\t\t<\/div>\n\t\t\t\t\t<div class=\"elementor-container elementor-column-gap-default\">\n\t\t\t\t\t<div class=\"elementor-column elementor-col-100 elementor-top-column elementor-element elementor-element-4256d657\" data-id=\"4256d657\" data-element_type=\"column\" data-e-type=\"column\">\n\t\t\t<div class=\"elementor-widget-wrap elementor-element-populated\">\n\t\t\t\t\t\t<div class=\"elementor-element elementor-element-4433686a elementor-widget elementor-widget-heading\" data-id=\"4433686a\" data-element_type=\"widget\" data-e-type=\"widget\" data-settings=\"{&quot;_animation&quot;:&quot;none&quot;}\" data-widget_type=\"heading.default\">\n\t\t\t\t<div class=\"elementor-widget-container\">\n\t\t\t\t\t<h1 class=\"elementor-heading-title elementor-size-default\">Legal information<\/h1>\t\t\t\t<\/div>\n\t\t\t\t<\/div>\n\t\t\t\t\t<\/div>\n\t\t<\/div>\n\t\t\t\t\t<\/div>\n\t\t<\/section>\n\t\t\t\t<section class=\"elementor-section elementor-top-section elementor-element elementor-element-75667259 elementor-section-boxed elementor-section-height-default elementor-section-height-default\" data-id=\"75667259\" data-element_type=\"section\" data-e-type=\"section\">\n\t\t\t\t\t\t<div class=\"elementor-container elementor-column-gap-default\">\n\t\t\t\t\t<div class=\"elementor-column elementor-col-100 elementor-top-column elementor-element elementor-element-31f7b66e\" data-id=\"31f7b66e\" data-element_type=\"column\" data-e-type=\"column\">\n\t\t\t<div class=\"elementor-widget-wrap elementor-element-populated\">\n\t\t\t\t\t\t<div class=\"elementor-element elementor-element-6284fb3d elementor-widget elementor-widget-text-editor\" data-id=\"6284fb3d\" data-element_type=\"widget\" data-e-type=\"widget\" data-widget_type=\"text-editor.default\">\n\t\t\t\t<div class=\"elementor-widget-container\">\n\t\t\t\t\t\t\t\t\t<p>In accordance with the provisions of Articles 6-III and 19 of Law No. 2004-575 of 21 June 2004 on Confidence in the Digital Economy, known as the L.C.E.N., we hereby inform users and visitors to the www.alpimmorama.com website of the following information:<\/p>\n<p>1. Legal information :<\/p>\n<p>Owner status : SAS<br>The owner is : Val\u00e9rie Casartelli<br>Postal address of the owner: 1067, route de Vallon d'en Haut 74340 Samo\u00ebns<\/p>\n<p>The site creator is :&nbsp;<span style=\"font-size: 20px; font-style: normal; font-weight: 400;\">Val\u00e9rie Casartelli<\/span><br>The person responsible for the publication is :&nbsp;<span style=\"font-size: 20px; font-style: normal; font-weight: 400;\">Val\u00e9rie Casartelli<\/span><br>Contact the publication manager: valerie@alpimmorama.com<br>The person responsible for the publication is a natural person<\/p>\n<p>The Webmaster is : <span style=\"font-size: 20px; font-style: normal; font-weight: 400;\">Val\u00e9rie Casartelli<\/span><br>Contact the webmaster&nbsp;&nbsp;<span style=\"font-size: 20px; font-style: normal; font-weight: 400;\">valerie@alpimmorama.com<\/span><br>The website host is : Planet Hosteur, 4416 Louis-B.-Mayer, Laval, Qu\u00e9bec, Canada H7P 0G1<\/p>\n<p>2. Presentation and principle :<\/p>\n<p>Hereinafter referred to as: User, any Internet user connecting to and using the above-mentioned site: www.alpimmorama.com<br>The www.alpimmorama.com website comprises a set of services, as is, made available to users. It is hereby specified that users must remain courteous and show good faith both towards other users and towards the webmaster of the www.alpimmorama.com site. The www.alpimmorama.com website is updated regularly by Val\u00e9rie Casartelli, webmaster.<br>Val\u00e9rie Casartelli endeavours to provide the most accurate information possible on the www.alpimmorama.com website (subject to any changes made since it was put online), but cannot guarantee the accuracy, completeness or topicality of the information published on its website, whether this is its own fault or that of third-party partners who provide it with this information. Consequently, users acknowledge that they use this information (which is indicative, non-exhaustive and subject to change) under their sole responsibility.<\/p>\n<p>3. Accessibility :<\/p>\n<p>In principle, the www.alpimmorama.com website is accessible to users 24 hours a day, 7 days a week, except in the event of scheduled or unscheduled interruptions for maintenance purposes or in cases of force majeure. Should access to the service prove impossible, www.alpimmorama.com undertakes to do its utmost to restore access to the service and will endeavour to inform users of the dates and times of the intervention in advance.  As www.alpimmorama.com is subject only to an obligation of means, it shall not be held liable for any damage whatsoever resulting from the unavailability of the service.<\/p>\n<p>4. Intellectual property :<\/p>\n<p>Val\u00e9rie Casartelli is the exclusive owner of all the intellectual property rights or holds the rights of use on all the elements accessible on the site, both the structure and the texts, images, graphics, logos, icons, sounds and software...<br>Any reproduction in whole or in part of the www.alpimmorama.com website, any representation, modification, publication or adaptation in whole or in part of any of these elements, whatever the means or process used, is prohibited without the prior written authorisation of first name last name, owner of the website at valerie@alpimmorama.com, failing which it will be considered as constituting an infringement and liable to prosecution in accordance with the provisions of articles L.335-2 et seq. of the French Intellectual Property Code.<\/p>\n<p>5. Hyperlinks and cookies :<\/p>\n<p>The www.alpimmorama.com site contains a number of hypertext links to other sites (partners, information, etc.) set up with the authorisation of Val\u00e9rie Casartelli. However, Val\u00e9rie Casartelli does not have the possibility of checking the entire content of sites visited in this way and therefore declines all responsibility for any risks of illicit content.<br>Users are informed that when they visit the www.alpimmorama.com website, one or more cookies may be automatically installed on their computer by their browser software. A cookie is a block of data which does not allow the user to be identified, but which records information relating to the user's browsing on the site.&nbsp;<br>Browser settings allow users to be informed of the presence of cookies and, if necessary, to refuse them, as described at the following address: www.cnil.fr. Users may, however, configure their browser to refuse the installation of cookies, bearing in mind that refusing to install a cookie may make it impossible to access certain services. To block cookies, type the following into your search engine: block cookies under IE or Firefox and follow the instructions depending on your version.<\/p>\n<p>6. Protection of people and property - management of personal data :<\/p>\n<p>In France, personal data is protected by law no. 78-87 of 6 January 1978, law no. 2004-801 of 6 August 2004, article L. 226-13 of the Criminal Code and the European Directive of 24 October 1995.<\/p>\n<p>On the www.alpimmorama.com website, Val\u00e9rie Casartelli only collects personal information (in accordance with Article 4 of Law No. 78-17 of 06 January 1978) relating to the user for the purposes of certain services offered by the www.alpimmorama.com website. Users provide this information with full knowledge of the facts, particularly when they enter it themselves. Users of the www.alpimmorama.com website are then informed whether or not they are required to provide this information.<br>In accordance with the provisions of Articles 38 et seq. of Law 78-17 of 6 January 1978 on Data Processing, Data Files and Individual Liberties, all users have the right to access, rectify, delete and oppose any personal data concerning them. To exercise this right, send your request to www.alpimmorama.com by email: valerie@alpimmorama.com or in writing, duly signed, accompanied by a copy of the identity document bearing the signature of the bearer of the document, specifying the address to which the reply is to be sent.<\/p>\n<p>No personal information of the user of the www.alpimmorama.com site is published without the user's knowledge, exchanged, transferred, assigned or sold on any medium whatsoever to third parties. Only the assumption of the purchase of the www.alpimmorama.com site and its rights authorises Val\u00e9rie Casartelli to transmit the said information to any future purchaser who would in turn be bound by the same obligation to preserve and modify the data with respect to the user of the www.alpimmorama.com site.<br>The www.alpimmorama.com website complies with the RGPD (see our RGPD policy https:\/\/alpimmorama.com\/politique-de-confidentialite).<\/p>\n<p>Databases are protected by the provisions of the Law of 1 July 1998 transposing Directive 96\/9 of 11 March 1996 on the legal protection of databases.<\/p>\t\t\t\t\t\t\t\t<\/div>\n\t\t\t\t<\/div>\n\t\t\t\t\t<\/div>\n\t\t<\/div>\n\t\t\t\t\t<\/div>\n\t\t<\/section>\n\t\t\t\t<\/div>","protected":false},"excerpt":{"rendered":"<p>Mentions L\u00e9gales Conform\u00e9ment aux dispositions des articles 6-III et 19 de la Loi n\u00b0 2004-575 du 21 juin 2004 pour la Confiance dans l&rsquo;\u00e9conomie num\u00e9rique, dite L.C.E.N., nous portons \u00e0 la connaissance des utilisateurs et visiteurs du site : www.alpimmorama.com les informations suivantes : 1. Informations l\u00e9gales : Statut du propri\u00e9taire : SASLe Propri\u00e9taire est [&hellip;]<\/p>\n","protected":false},"author":21,"featured_media":0,"parent":0,"menu_order":1,"comment_status":"closed","ping_status":"closed","template":"elementor_header_footer","meta":{"_uag_custom_page_level_css":"","site-sidebar-layout":"no-sidebar","site-content-layout":"page-builder","ast-site-content-layout":"full-width-container","site-content-style":"unboxed","site-sidebar-style":"unboxed","ast-global-header-display":"","ast-banner-title-visibility":"","ast-main-header-display":"","ast-hfb-above-header-display":"","ast-hfb-below-header-display":"","ast-hfb-mobile-header-display":"","site-post-title":"disabled","ast-breadcrumbs-content":"","ast-featured-img":"disabled","footer-sml-layout":"","ast-disable-related-posts":"","theme-transparent-header-meta":"default","adv-header-id-meta":"","stick-header-meta":"default","header-above-stick-meta":"","header-main-stick-meta":"","header-below-stick-meta":"","astra-migrate-meta-layouts":"set","ast-page-background-enabled":"default","ast-page-background-meta":{"desktop":{"background-color":"","background-image":"","background-repeat":"repeat","background-position":"center center","background-size":"auto","background-attachment":"scroll","background-type":"","background-media":"","overlay-type":"","overlay-color":"","overlay-opacity":"","overlay-gradient":""},"tablet":{"background-color":"","background-image":"","background-repeat":"repeat","background-position":"center center","background-size":"auto","background-attachment":"scroll","background-type":"","background-media":"","overlay-type":"","overlay-color":"","overlay-opacity":"","overlay-gradient":""},"mobile":{"background-color":"","background-image":"","background-repeat":"repeat","background-position":"center center","background-size":"auto","background-attachment":"scroll","background-type":"","background-media":"","overlay-type":"","overlay-color":"","overlay-opacity":"","overlay-gradient":""}},"ast-content-background-meta":{"desktop":{"background-color":"var(--ast-global-color-5)","background-image":"","background-repeat":"repeat","background-position":"center center","background-size":"auto","background-attachment":"scroll","background-type":"","background-media":"","overlay-type":"","overlay-color":"","overlay-opacity":"","overlay-gradient":""},"tablet":{"background-color":"var(--ast-global-color-5)","background-image":"","background-repeat":"repeat","background-position":"center center","background-size":"auto","background-attachment":"scroll","background-type":"","background-media":"","overlay-type":"","overlay-color":"","overlay-opacity":"","overlay-gradient":""},"mobile":{"background-color":"var(--ast-global-color-5)","background-image":"","background-repeat":"repeat","background-position":"center center","background-size":"auto","background-attachment":"scroll","background-type":"","background-media":"","overlay-type":"","overlay-color":"","overlay-opacity":"","overlay-gradient":""}},"footnotes":""},"class_list":["post-4168","page","type-page","status-publish","hentry"],"yoast_head":"<!-- This site is optimized with the Yoast SEO plugin v26.7 - https:\/\/yoast.com\/wordpress\/plugins\/seo\/ -->\n<title>Juridique Mentions l\u00e9gales de l&#039;agence Alpimmorama<\/title>\n<meta name=\"description\" content=\"D\u00e9couvrez les informations juridiques et conditions d&#039;utilisation de l&#039;agence Alpimmorama. Consultez nos mentions l\u00e9gales pour une transparence totale et une conformit\u00e9 aux r\u00e9glementations en vigueur.\" \/>\n<meta name=\"robots\" content=\"index, follow, max-snippet:-1, max-image-preview:large, max-video-preview:-1\" \/>\n<link rel=\"canonical\" href=\"https:\/\/www.alpimmorama.com\/en\/mentions-legales-agence-alpimmorama\/\" \/>\n<meta property=\"og:locale\" content=\"en_GB\" \/>\n<meta property=\"og:type\" content=\"article\" \/>\n<meta property=\"og:title\" content=\"Juridique Mentions l\u00e9gales de l&#039;agence Alpimmorama\" \/>\n<meta property=\"og:description\" content=\"D\u00e9couvrez les informations juridiques et conditions d&#039;utilisation de l&#039;agence Alpimmorama. Consultez nos mentions l\u00e9gales pour une transparence totale et une conformit\u00e9 aux r\u00e9glementations en vigueur.\" \/>\n<meta property=\"og:url\" content=\"https:\/\/www.alpimmorama.com\/en\/mentions-legales-agence-alpimmorama\/\" \/>\n<meta property=\"og:site_name\" content=\"Alpimmorama\" \/>\n<meta property=\"article:publisher\" content=\"https:\/\/www.facebook.com\/alpimmorama\" \/>\n<meta property=\"article:modified_time\" content=\"2025-03-25T15:09:38+00:00\" \/>\n<meta name=\"twitter:card\" content=\"summary_large_image\" \/>\n<meta name=\"twitter:label1\" content=\"Estimated reading time\" \/>\n\t<meta name=\"twitter:data1\" content=\"6 minutes\" \/>\n<script type=\"application\/ld+json\" class=\"yoast-schema-graph\">{\"@context\":\"https:\/\/schema.org\",\"@graph\":[{\"@type\":\"WebPage\",\"@id\":\"https:\/\/www.alpimmorama.com\/mentions-legales-agence-alpimmorama\/\",\"url\":\"https:\/\/www.alpimmorama.com\/mentions-legales-agence-alpimmorama\/\",\"name\":\"Juridique Mentions l\u00e9gales de l'agence Alpimmorama\",\"isPartOf\":{\"@id\":\"https:\/\/www.alpimmorama.com\/en\/#website\"},\"datePublished\":\"2020-05-04T13:52:36+00:00\",\"dateModified\":\"2025-03-25T15:09:38+00:00\",\"description\":\"D\u00e9couvrez les informations juridiques et conditions d'utilisation de l'agence Alpimmorama. Consultez nos mentions l\u00e9gales pour une transparence totale et une conformit\u00e9 aux r\u00e9glementations en vigueur.\",\"breadcrumb\":{\"@id\":\"https:\/\/www.alpimmorama.com\/mentions-legales-agence-alpimmorama\/#breadcrumb\"},\"inLanguage\":\"en-GB\",\"potentialAction\":[{\"@type\":\"ReadAction\",\"target\":[\"https:\/\/www.alpimmorama.com\/mentions-legales-agence-alpimmorama\/\"]}]},{\"@type\":\"BreadcrumbList\",\"@id\":\"https:\/\/www.alpimmorama.com\/mentions-legales-agence-alpimmorama\/#breadcrumb\",\"itemListElement\":[{\"@type\":\"ListItem\",\"position\":1,\"name\":\"Accueil\",\"item\":\"https:\/\/www.alpimmorama.com\/\"},{\"@type\":\"ListItem\",\"position\":2,\"name\":\"Juridique &#8211; Mentions L\u00e9gales\"}]},{\"@type\":\"WebSite\",\"@id\":\"https:\/\/www.alpimmorama.com\/en\/#website\",\"url\":\"https:\/\/www.alpimmorama.com\/en\/\",\"name\":\"Alpimmorama\",\"description\":\"Agence Immobili\u00e8re digitale \u00e0 Samo\u00ebns\",\"publisher\":{\"@id\":\"https:\/\/www.alpimmorama.com\/en\/#organization\"},\"potentialAction\":[{\"@type\":\"SearchAction\",\"target\":{\"@type\":\"EntryPoint\",\"urlTemplate\":\"https:\/\/www.alpimmorama.com\/en\/?s={search_term_string}\"},\"query-input\":{\"@type\":\"PropertyValueSpecification\",\"valueRequired\":true,\"valueName\":\"search_term_string\"}}],\"inLanguage\":\"en-GB\"},{\"@type\":\"Organization\",\"@id\":\"https:\/\/www.alpimmorama.com\/en\/#organization\",\"name\":\"Alpimmorama Agence immobili\u00e8re Samo\u00ebns\",\"url\":\"https:\/\/www.alpimmorama.com\/en\/\",\"logo\":{\"@type\":\"ImageObject\",\"inLanguage\":\"en-GB\",\"@id\":\"https:\/\/www.alpimmorama.com\/en\/#\/schema\/logo\/image\/\",\"url\":\"\",\"contentUrl\":\"\",\"caption\":\"Alpimmorama Agence immobili\u00e8re Samo\u00ebns\"},\"image\":{\"@id\":\"https:\/\/www.alpimmorama.com\/en\/#\/schema\/logo\/image\/\"},\"sameAs\":[\"https:\/\/www.facebook.com\/alpimmorama\",\"https:\/\/www.instagram.com\/valerie_casartelli_alpimmorama\/\",\"https:\/\/www.linkedin.com\/in\/valrie-casartelli-29ba9677\/\",\"https:\/\/www.youtube.com\/channel\/UCAnkyWLLh1qbJOTDvQiXjzg\"]}]}<\/script>\n<!-- \/ Yoast SEO plugin. -->","yoast_head_json":{"title":"Legal Disclaimer of the Alpimmorama agency","description":"Discover the legal information and conditions of use of the Alpimmorama agency. Consult our legal notice for total transparency and compliance with current regulations.","robots":{"index":"index","follow":"follow","max-snippet":"max-snippet:-1","max-image-preview":"max-image-preview:large","max-video-preview":"max-video-preview:-1"},"canonical":"https:\/\/www.alpimmorama.com\/en\/mentions-legales-agence-alpimmorama\/","og_locale":"en_GB","og_type":"article","og_title":"Juridique Mentions l\u00e9gales de l'agence Alpimmorama","og_description":"D\u00e9couvrez les informations juridiques et conditions d'utilisation de l'agence Alpimmorama. Consultez nos mentions l\u00e9gales pour une transparence totale et une conformit\u00e9 aux r\u00e9glementations en vigueur.","og_url":"https:\/\/www.alpimmorama.com\/en\/mentions-legales-agence-alpimmorama\/","og_site_name":"Alpimmorama","article_publisher":"https:\/\/www.facebook.com\/alpimmorama","article_modified_time":"2025-03-25T15:09:38+00:00","twitter_card":"summary_large_image","twitter_misc":{"Estimated reading time":"6 minutes"},"schema":{"@context":"https:\/\/schema.org","@graph":[{"@type":"WebPage","@id":"https:\/\/www.alpimmorama.com\/mentions-legales-agence-alpimmorama\/","url":"https:\/\/www.alpimmorama.com\/mentions-legales-agence-alpimmorama\/","name":"Legal Disclaimer of the Alpimmorama agency","isPartOf":{"@id":"https:\/\/www.alpimmorama.com\/en\/#website"},"datePublished":"2020-05-04T13:52:36+00:00","dateModified":"2025-03-25T15:09:38+00:00","description":"Discover the legal information and conditions of use of the Alpimmorama agency. Consult our legal notice for total transparency and compliance with current regulations.","breadcrumb":{"@id":"https:\/\/www.alpimmorama.com\/mentions-legales-agence-alpimmorama\/#breadcrumb"},"inLanguage":"en-GB","potentialAction":[{"@type":"ReadAction","target":["https:\/\/www.alpimmorama.com\/mentions-legales-agence-alpimmorama\/"]}]},{"@type":"BreadcrumbList","@id":"https:\/\/www.alpimmorama.com\/mentions-legales-agence-alpimmorama\/#breadcrumb","itemListElement":[{"@type":"ListItem","position":1,"name":"Accueil","item":"https:\/\/www.alpimmorama.com\/"},{"@type":"ListItem","position":2,"name":"Juridique &#8211; Mentions L\u00e9gales"}]},{"@type":"WebSite","@id":"https:\/\/www.alpimmorama.com\/en\/#website","url":"https:\/\/www.alpimmorama.com\/en\/","name":"Alpimmorama","description":"Digital estate agency in Samo\u00ebns","publisher":{"@id":"https:\/\/www.alpimmorama.com\/en\/#organization"},"potentialAction":[{"@type":"SearchAction","target":{"@type":"EntryPoint","urlTemplate":"https:\/\/www.alpimmorama.com\/en\/?s={search_term_string}"},"query-input":{"@type":"PropertyValueSpecification","valueRequired":true,"valueName":"search_term_string"}}],"inLanguage":"en-GB"},{"@type":"Organization","@id":"https:\/\/www.alpimmorama.com\/en\/#organization","name":"Alpimmorama Real estate agency Samo\u00ebns","url":"https:\/\/www.alpimmorama.com\/en\/","logo":{"@type":"ImageObject","inLanguage":"en-GB","@id":"https:\/\/www.alpimmorama.com\/en\/#\/schema\/logo\/image\/","url":"","contentUrl":"","caption":"Alpimmorama Agence immobili\u00e8re Samo\u00ebns"},"image":{"@id":"https:\/\/www.alpimmorama.com\/en\/#\/schema\/logo\/image\/"},"sameAs":["https:\/\/www.facebook.com\/alpimmorama","https:\/\/www.instagram.com\/valerie_casartelli_alpimmorama\/","https:\/\/www.linkedin.com\/in\/valrie-casartelli-29ba9677\/","https:\/\/www.youtube.com\/channel\/UCAnkyWLLh1qbJOTDvQiXjzg"]}]}},"uagb_featured_image_src":{"full":false,"thumbnail":false,"medium":false,"medium_large":false,"large":false,"1536x1536":false,"2048x2048":false,"trp-custom-language-flag":false,"wpvr_mobile":false},"uagb_author_info":{"display_name":"David","author_link":"https:\/\/www.alpimmorama.com\/en\/author\/david74\/"},"uagb_comment_info":0,"uagb_excerpt":"Mentions L\u00e9gales Conform\u00e9ment aux dispositions des articles 6-III et 19 de la Loi n\u00b0 2004-575 du 21 juin 2004 pour la Confiance dans l&rsquo;\u00e9conomie num\u00e9rique, dite L.C.E.N., nous portons \u00e0 la connaissance des utilisateurs et visiteurs du site : www.alpimmorama.com les informations suivantes : 1. Informations l\u00e9gales : Statut du propri\u00e9taire : SASLe Propri\u00e9taire est&hellip;","_links":{"self":[{"href":"https:\/\/www.alpimmorama.com\/en\/wp-json\/wp\/v2\/pages\/4168","targetHints":{"allow":["GET"]}}],"collection":[{"href":"https:\/\/www.alpimmorama.com\/en\/wp-json\/wp\/v2\/pages"}],"about":[{"href":"https:\/\/www.alpimmorama.com\/en\/wp-json\/wp\/v2\/types\/page"}],"author":[{"embeddable":true,"href":"https:\/\/www.alpimmorama.com\/en\/wp-json\/wp\/v2\/users\/21"}],"replies":[{"embeddable":true,"href":"https:\/\/www.alpimmorama.com\/en\/wp-json\/wp\/v2\/comments?post=4168"}],"version-history":[{"count":43,"href":"https:\/\/www.alpimmorama.com\/en\/wp-json\/wp\/v2\/pages\/4168\/revisions"}],"predecessor-version":[{"id":24254,"href":"https:\/\/www.alpimmorama.com\/en\/wp-json\/wp\/v2\/pages\/4168\/revisions\/24254"}],"wp:attachment":[{"href":"https:\/\/www.alpimmorama.com\/en\/wp-json\/wp\/v2\/media?parent=4168"}],"curies":[{"name":"wp","href":"https:\/\/api.w.org\/{rel}","templated":true}]}}